{"id":14027,"date":"2019-06-06T18:24:33","date_gmt":"2019-06-06T16:24:33","guid":{"rendered":"https:\/\/www.persiehl-digital.de\/?page_id=14027"},"modified":"2019-06-06T18:24:34","modified_gmt":"2019-06-06T16:24:34","slug":"rueckruf-formular","status":"publish","type":"page","link":"https:\/\/www.persiehl.de\/fr\/rueckruf-formular\/","title":{"rendered":"R\u00fcckruf Formular"},"content":{"rendered":"<div id='layer_slider_1'  class='avia-layerslider main_color avia-shadow  avia-builder-el-0  el_before_av_section  avia-builder-el-first  container_wrap sidebar_right'  style='height: 487px; max-width: 1700px; margin: 0 auto;'  ><\/div>\n<div id='werbemittel'  class='avia-section av-16d6q7-9c99986c2a53492725f593948d62133e main_color avia-section-large avia-shadow  avia-builder-el-1  el_after_av_layerslider  avia-builder-el-last  avia-bg-style-fixed container_wrap sidebar_right'  ><div class='container av-section-cont-open' ><div class='template-page content  av-content-small alpha units'><div class='post-entry post-entry-type-page post-entry-14027'><div class='entry-content-wrapper clearfix'>\n\n<style type=\"text\/css\" data-created_by=\"avia_inline_auto\" id=\"style-css-av-15tqcb-17d92282e888ca73270676c9528774c3\">\n.flex_column.av-15tqcb-17d92282e888ca73270676c9528774c3{\nborder-radius:0px 0px 0px 0px;\n-webkit-border-radius:0px 0px 0px 0px;\n-moz-border-radius:0px 0px 0px 0px;\npadding:0px 65px 0px 0px;\n}\n<\/style>\n<div class='flex_column av-15tqcb-17d92282e888ca73270676c9528774c3 av_three_fourth  avia-builder-el-2  avia-builder-el-no-sibling  first flex_column_div  av-animated-generic bottom-to-top '   ><p>\n<style type=\"text\/css\" data-created_by=\"avia_inline_auto\" id=\"style-css-av-jwkue9ib-2ffea8576756b846df443e9e6aafcf7e\">\n#top .av-special-heading.av-jwkue9ib-2ffea8576756b846df443e9e6aafcf7e{\npadding-bottom:0px;\ncolor:#003d6a;\n}\nbody .av-special-heading.av-jwkue9ib-2ffea8576756b846df443e9e6aafcf7e .av-special-heading-tag .heading-char{\nfont-size:25px;\n}\n.av-special-heading.av-jwkue9ib-2ffea8576756b846df443e9e6aafcf7e .special-heading-inner-border{\nborder-color:#003d6a;\n}\n.av-special-heading.av-jwkue9ib-2ffea8576756b846df443e9e6aafcf7e .av-subheading{\nfont-size:24px;\n}\n<\/style>\n<div  class='av-special-heading av-jwkue9ib-2ffea8576756b846df443e9e6aafcf7e av-special-heading-h4 custom-color-heading blockquote modern-quote  avia-builder-el-3  el_before_av_hr  avia-builder-el-first '><h4 class='av-special-heading-tag'  itemprop=\"headline\"  >Vous souhaitez un rappel?<\/h4><div class=\"special-heading-border\"><div class=\"special-heading-inner-border\"><\/div><\/div><\/div><br \/>\n\n<style type=\"text\/css\" data-created_by=\"avia_inline_auto\" id=\"style-css-av-jlce5xdr-3206e8355f7ce39e74eef8b0bbaac442\">\n#top .hr.av-jlce5xdr-3206e8355f7ce39e74eef8b0bbaac442{\nmargin-top:-12px;\nmargin-bottom:14px;\n}\n.hr.av-jlce5xdr-3206e8355f7ce39e74eef8b0bbaac442 .hr-inner{\nwidth:35px;\nborder-color:#d51317;\n}\n<\/style>\n<div  class='hr av-jlce5xdr-3206e8355f7ce39e74eef8b0bbaac442 hr-custom  avia-builder-el-4  el_after_av_heading  el_before_av_textblock  hr-left hr-icon-no'><span class='hr-inner inner-border-av-border-fat'><span class=\"hr-inner-style\"><\/span><\/span><\/div><br \/>\n<section  class='av_textblock_section av-jl3vabda-345495a4c860e7d5a13e341b3ec432ff'  itemscope=\"itemscope\" itemtype=\"https:\/\/schema.org\/CreativeWork\" ><div class='avia_textblock'  itemprop=\"text\" ><p>Adressez-nous simplement votre num\u00e9ro de t\u00e9l\u00e9phone et nous vous rappelerons \u00e0 l\u2019heure selon votre convenance.<\/p>\n<p>*) renseignements obligatoires, les autres sont facultatifs<\/p>\n<\/div><\/section><br \/>\n<form action=\"https:\/\/www.persiehl.de\/fr\/rueckruf-formular\/\" method=\"post\"  class=\"avia_ajax_form av-form-labels-hidden   avia-builder-el-6  el_after_av_textblock  avia-builder-el-last   \" data-avia-form-id=\"1\" data-avia-redirect='' ><fieldset><p class='  first_form  form_element form_fullwidth' id='element_avia_1_1'><label for=\"avia_1_1\">Nom<\/label> <input name=\"avia_1_1\" class=\"text_input \" type=\"text\" id=\"avia_1_1\" value=\"\"  placeholder='Nom'\/><\/p><p class='  first_form  form_element form_fullwidth' id='element_avia_2_1'><label for=\"avia_2_1\">Entreprise<\/label> <input name=\"avia_2_1\" class=\"text_input \" type=\"text\" id=\"avia_2_1\" value=\"\"  placeholder='Entreprise'\/><\/p><p class='  first_form  form_element form_fullwidth' id='element_avia_3_1'><label for=\"avia_3_1\">Adresse mail <abbr class=\"required\" title=\"requis(e)\">*<\/abbr><\/label> <input name=\"avia_3_1\" class=\"text_input is_email\" type=\"text\" id=\"avia_3_1\" value=\"\"  placeholder='Adresse mail*'\/><\/p><p class='  first_form  form_element form_fullwidth' id='element_avia_4_1'><label for=\"avia_4_1\">Num\u00e9ro de t\u00e9l\u00e9phone <abbr class=\"required\" title=\"requis(e)\">*<\/abbr><\/label> <input name=\"avia_4_1\" class=\"text_input is_phone\" type=\"text\" id=\"avia_4_1\" value=\"\"  placeholder='Num\u00e9ro de t\u00e9l\u00e9phone*'\/><\/p><p class='  first_form  form_element form_fullwidth' id='element_avia_5_1'><label for=\"avia_5_1\">Rappel le<\/label> <input name=\"avia_5_1\" class=\"avia_datepicker text_input \" type=\"text\" id=\"avia_5_1\" value=\"\" placeholder=\"Rappel le\" \/><\/p><p class='  first_form  form_element form_fullwidth' id='element_avia_6_1'><label for=\"avia_6_1\">Vous me joignez le plus facilement<\/label><select multiple name=\"avia_6_1\" class=\"select  av-multi-select\" id=\"avia_6_1\"><option  value =''>Vous me joignez le plus facilement<\/option><option  value ='Matin\u00e9e'>Matin\u00e9e<\/option><option  value ='Midi'>Midi<\/option><option  value ='Apr\u00e8s-midi'>Apr\u00e8s-midi<\/option><option  value ='Soir'>Soir<\/option><\/select><\/p><p class='  first_form  form_element form_fullwidth' id='element_avia_7_1'><label for=\"avia_7_1\">J\u2019ai une question concernant le sujet suivant<\/label> <input name=\"avia_7_1\" class=\"text_input \" type=\"text\" id=\"avia_7_1\" value=\"\"  placeholder='J\u2019ai une question concernant le sujet suivant'\/><\/p><p class='  first_form  form_element form_fullwidth av-last-visible-form-element' id='element_avia_8_1'><input  name=\"avia_8_1\" class=\"input_checkbox is_empty\" type=\"checkbox\" id=\"avia_8_1\" value=\"true\"\/><label class=\"input_checkbox_label\" for=\"avia_8_1\">J\u2019ai pris connaissance de la d\u00e9claration de confidentialit\u00e9 en renvoyant le formulaire. <abbr class=\"required\" title=\"requis(e)\">*<\/abbr><\/label><\/p><p class=\"hidden\"><input type=\"text\" name=\"avia_9_1\" class=\"hidden \" id=\"avia_9_1\" value=\"\" \/><\/p><p class=\"form_element \"><input type=\"hidden\" value=\"1\" name=\"avia_generated_form1\" \/><input type=\"submit\" value=\"Senden\" class=\"button\"  data-sending-label=\"Envoi\"\/><\/p><\/fieldset><\/form><div id=\"ajaxresponse_1\" class=\"ajaxresponse ajaxresponse_1 hidden\"><\/div><\/p><\/div><\/div><\/div><\/div><!-- close content main div --><\/div><\/div><div id='after_section_1'  class='main_color av_default_container_wrap container_wrap sidebar_right'  ><div class='container av-section-cont-open' ><div class='template-page content  av-content-small alpha units'><div class='post-entry post-entry-type-page post-entry-14027'><div class='entry-content-wrapper clearfix'>\n","protected":false},"excerpt":{"rendered":"","protected":false},"author":1,"featured_media":0,"parent":0,"menu_order":0,"comment_status":"closed","ping_status":"closed","template":"","meta":{"footnotes":""},"yoast_head":"<!-- This site is optimized with the Yoast SEO plugin v23.5 - https:\/\/yoast.com\/wordpress\/plugins\/seo\/ -->\n<title>R\u00fcckruf Formular - H.O.Persiehl<\/title>\n<meta name=\"robots\" content=\"index, follow, max-snippet:-1, max-image-preview:large, max-video-preview:-1\" \/>\n<link rel=\"canonical\" href=\"https:\/\/www.persiehl.de\/fr\/rueckruf-formular\/\" \/>\n<meta property=\"og:locale\" content=\"fr_FR\" \/>\n<meta property=\"og:type\" content=\"article\" \/>\n<meta property=\"og:title\" content=\"R\u00fcckruf Formular - H.O.Persiehl\" \/>\n<meta property=\"og:url\" content=\"https:\/\/www.persiehl.de\/fr\/rueckruf-formular\/\" \/>\n<meta property=\"og:site_name\" content=\"H.O.Persiehl\" \/>\n<meta property=\"article:modified_time\" content=\"2019-06-06T16:24:34+00:00\" \/>\n<meta name=\"twitter:card\" content=\"summary_large_image\" \/>\n<meta name=\"twitter:label1\" content=\"Dur\u00e9e de lecture estim\u00e9e\" \/>\n\t<meta name=\"twitter:data1\" content=\"4 minutes\" \/>\n<script type=\"application\/ld+json\" class=\"yoast-schema-graph\">{\"@context\":\"https:\/\/schema.org\",\"@graph\":[{\"@type\":\"WebPage\",\"@id\":\"https:\/\/www.persiehl.de\/fr\/rueckruf-formular\/\",\"url\":\"https:\/\/www.persiehl.de\/fr\/rueckruf-formular\/\",\"name\":\"R\u00fcckruf Formular - H.O.Persiehl\",\"isPartOf\":{\"@id\":\"https:\/\/www.persiehl.de\/pl\/#website\"},\"datePublished\":\"2019-06-06T16:24:33+00:00\",\"dateModified\":\"2019-06-06T16:24:34+00:00\",\"breadcrumb\":{\"@id\":\"https:\/\/www.persiehl.de\/fr\/rueckruf-formular\/#breadcrumb\"},\"inLanguage\":\"fr-FR\",\"potentialAction\":[{\"@type\":\"ReadAction\",\"target\":[\"https:\/\/www.persiehl.de\/fr\/rueckruf-formular\/\"]}]},{\"@type\":\"BreadcrumbList\",\"@id\":\"https:\/\/www.persiehl.de\/fr\/rueckruf-formular\/#breadcrumb\",\"itemListElement\":[{\"@type\":\"ListItem\",\"position\":1,\"name\":\"Home\",\"item\":\"https:\/\/www.persiehl.de\/fr\/\"},{\"@type\":\"ListItem\",\"position\":2,\"name\":\"R\u00fcckruf Formular\"}]},{\"@type\":\"WebSite\",\"@id\":\"https:\/\/www.persiehl.de\/pl\/#website\",\"url\":\"https:\/\/www.persiehl.de\/pl\/\",\"name\":\"H.O.Persiehl\",\"description\":\"H.O.Persiehl ist Hersteller von hochwertigen bedruckten Faltschachteln und Etiketten f\u00fcr die Tabak-, Lebensmittel- und Konsumg\u00fcterindustrie.\",\"potentialAction\":[{\"@type\":\"SearchAction\",\"target\":{\"@type\":\"EntryPoint\",\"urlTemplate\":\"https:\/\/www.persiehl.de\/pl\/?s={search_term_string}\"},\"query-input\":{\"@type\":\"PropertyValueSpecification\",\"valueRequired\":true,\"valueName\":\"search_term_string\"}}],\"inLanguage\":\"fr-FR\"}]}<\/script>\n<!-- \/ Yoast SEO plugin. -->","yoast_head_json":{"title":"R\u00fcckruf Formular - H.O.Persiehl","robots":{"index":"index","follow":"follow","max-snippet":"max-snippet:-1","max-image-preview":"max-image-preview:large","max-video-preview":"max-video-preview:-1"},"canonical":"https:\/\/www.persiehl.de\/fr\/rueckruf-formular\/","og_locale":"fr_FR","og_type":"article","og_title":"R\u00fcckruf Formular - H.O.Persiehl","og_url":"https:\/\/www.persiehl.de\/fr\/rueckruf-formular\/","og_site_name":"H.O.Persiehl","article_modified_time":"2019-06-06T16:24:34+00:00","twitter_card":"summary_large_image","twitter_misc":{"Dur\u00e9e de lecture estim\u00e9e":"4 minutes"},"schema":{"@context":"https:\/\/schema.org","@graph":[{"@type":"WebPage","@id":"https:\/\/www.persiehl.de\/fr\/rueckruf-formular\/","url":"https:\/\/www.persiehl.de\/fr\/rueckruf-formular\/","name":"R\u00fcckruf Formular - H.O.Persiehl","isPartOf":{"@id":"https:\/\/www.persiehl.de\/pl\/#website"},"datePublished":"2019-06-06T16:24:33+00:00","dateModified":"2019-06-06T16:24:34+00:00","breadcrumb":{"@id":"https:\/\/www.persiehl.de\/fr\/rueckruf-formular\/#breadcrumb"},"inLanguage":"fr-FR","potentialAction":[{"@type":"ReadAction","target":["https:\/\/www.persiehl.de\/fr\/rueckruf-formular\/"]}]},{"@type":"BreadcrumbList","@id":"https:\/\/www.persiehl.de\/fr\/rueckruf-formular\/#breadcrumb","itemListElement":[{"@type":"ListItem","position":1,"name":"Home","item":"https:\/\/www.persiehl.de\/fr\/"},{"@type":"ListItem","position":2,"name":"R\u00fcckruf Formular"}]},{"@type":"WebSite","@id":"https:\/\/www.persiehl.de\/pl\/#website","url":"https:\/\/www.persiehl.de\/pl\/","name":"H.O.Persiehl","description":"H.O.Persiehl ist Hersteller von hochwertigen bedruckten Faltschachteln und Etiketten f\u00fcr die Tabak-, Lebensmittel- und Konsumg\u00fcterindustrie.","potentialAction":[{"@type":"SearchAction","target":{"@type":"EntryPoint","urlTemplate":"https:\/\/www.persiehl.de\/pl\/?s={search_term_string}"},"query-input":{"@type":"PropertyValueSpecification","valueRequired":true,"valueName":"search_term_string"}}],"inLanguage":"fr-FR"}]}},"_links":{"self":[{"href":"https:\/\/www.persiehl.de\/fr\/wp-json\/wp\/v2\/pages\/14027"}],"collection":[{"href":"https:\/\/www.persiehl.de\/fr\/wp-json\/wp\/v2\/pages"}],"about":[{"href":"https:\/\/www.persiehl.de\/fr\/wp-json\/wp\/v2\/types\/page"}],"author":[{"embeddable":true,"href":"https:\/\/www.persiehl.de\/fr\/wp-json\/wp\/v2\/users\/1"}],"replies":[{"embeddable":true,"href":"https:\/\/www.persiehl.de\/fr\/wp-json\/wp\/v2\/comments?post=14027"}],"version-history":[{"count":3,"href":"https:\/\/www.persiehl.de\/fr\/wp-json\/wp\/v2\/pages\/14027\/revisions"}],"predecessor-version":[{"id":14030,"href":"https:\/\/www.persiehl.de\/fr\/wp-json\/wp\/v2\/pages\/14027\/revisions\/14030"}],"wp:attachment":[{"href":"https:\/\/www.persiehl.de\/fr\/wp-json\/wp\/v2\/media?parent=14027"}],"curies":[{"name":"wp","href":"https:\/\/api.w.org\/{rel}","templated":true}]}}